{"id":8528,"date":"2024-03-18T17:43:33","date_gmt":"2024-03-18T16:43:33","guid":{"rendered":"https:\/\/pasjabaletu.pl\/?page_id=8528"},"modified":"2024-08-28T16:29:49","modified_gmt":"2024-08-28T14:29:49","slug":"grafik-zajec","status":"publish","type":"page","link":"https:\/\/pasjabaletu.pl\/index.php\/grafik-zajec\/","title":{"rendered":"Grafik zaj\u0119\u0107"},"content":{"rendered":"<p>[vc_row][vc_column]\n\t\t\t<!-- START Ballet Home Grafik Zajec REVOLUTION SLIDER 6.5.8 --><p class=\"rs-p-wp-fix\"><\/p>\n\t\t\t<rs-module-wrap id=\"rev_slider_14_1_wrapper\" data-source=\"gallery\" style=\"visibility:hidden;background:transparent;padding:0;\">\n\t\t\t\t<rs-module id=\"rev_slider_14_1\" style=\"\" data-version=\"6.5.8\">\n\t\t\t\t\t<rs-slides>\n\t\t\t\t\t\t<rs-slide style=\"position: absolute;\" data-key=\"rs-25\" data-title=\"Slide\" data-in=\"o:0;\" data-out=\"a:false;\">\n\t\t\t\t\t\t\t<img decoding=\"async\" src=\"\/\/pasjabaletu.pl\/wp-content\/plugins\/revslider\/public\/assets\/assets\/dummy.png\" title=\"Grafik zaj\u0119\u0107\" class=\"rev-slidebg tp-rs-img rs-lazyload\" data-lazyload=\"\/\/pasjabaletu.pl\/wp-content\/uploads\/2019\/02\/h2-img-6-2.jpg\" data-no-retina>\n<!--\n\t\t\t\t\t\t\t--><rs-layer\n\t\t\t\t\t\t\t\tid=\"slider-14-slide-25-layer-1\" \n\t\t\t\t\t\t\t\tdata-type=\"text\"\n\t\t\t\t\t\t\t\tdata-color=\"#000000\"\n\t\t\t\t\t\t\t\tdata-xy=\"x:c;xo:0,1px,51px,57px;y:m;yo:-182px,-123px,-150px,-145px;\"\n\t\t\t\t\t\t\t\tdata-text=\"s:80,100,58,38;l:187,300,187,120;a:inherit;\"\n\t\t\t\t\t\t\t\tdata-dim=\"w:auto,auto,569px,418px;h:auto,auto,264px,151px;\"\n\t\t\t\t\t\t\t\tdata-basealign=\"slide\"\n\t\t\t\t\t\t\t\tdata-rsp_o=\"off\"\n\t\t\t\t\t\t\t\tdata-rsp_bd=\"off\"\n\t\t\t\t\t\t\t\tdata-frame_1=\"e:power1.in;st:800;sp:1000;sR:800;\"\n\t\t\t\t\t\t\t\tdata-frame_999=\"o:0;e:power3.out;st:w;sR:7200;\"\n\t\t\t\t\t\t\t\tstyle=\"z-index:6;font-family:'Scriptina';\"\n\t\t\t\t\t\t\t>Pasja Baletu - Belle Ballet \n\t\t\t\t\t\t\t<\/rs-layer><!--\n\n\t\t\t\t\t\t\t--><rs-layer\n\t\t\t\t\t\t\t\tid=\"slider-14-slide-25-layer-2\" \n\t\t\t\t\t\t\t\tdata-type=\"text\"\n\t\t\t\t\t\t\t\tdata-color=\"#e5d8c8\"\n\t\t\t\t\t\t\t\tdata-xy=\"x:c;xo:9px,0,-1px,8px;y:m;yo:47px,-23px,-110px,-99px;\"\n\t\t\t\t\t\t\t\tdata-text=\"w:normal,nowrap,nowrap,normal;s:30,30,28,24;l:109,109,109,28;ls:4px,0px,0px,0px;fw:500;a:inherit,inherit,inherit,center;\"\n\t\t\t\t\t\t\t\tdata-dim=\"w:280px,auto,398px,191px;h:auto,auto,110px,57px;\"\n\t\t\t\t\t\t\t\tdata-basealign=\"slide\"\n\t\t\t\t\t\t\t\tdata-rsp_o=\"off\"\n\t\t\t\t\t\t\t\tdata-rsp_bd=\"off\"\n\t\t\t\t\t\t\t\tdata-frame_0=\"y:100%;\"\n\t\t\t\t\t\t\t\tdata-frame_1=\"e:power4.inOut;st:1000;sp:1000;sR:1000;\"\n\t\t\t\t\t\t\t\tdata-frame_999=\"o:0;st:w;sR:7000;\"\n\t\t\t\t\t\t\t\tstyle=\"z-index:7;font-family:'Montserrat';text-transform:uppercase;\"\n\t\t\t\t\t\t\t>Grafik zaj\u0119\u0107 \n\t\t\t\t\t\t\t<\/rs-layer><!--\n\n\t\t\t\t\t\t\t--><rs-layer\n\t\t\t\t\t\t\t\tid=\"slider-14-slide-25-layer-8\" \n\t\t\t\t\t\t\t\tdata-type=\"image\"\n\t\t\t\t\t\t\t\tdata-xy=\"x:c;y:b;yo:34px,29px,27px,39px;\"\n\t\t\t\t\t\t\t\tdata-text=\"l:22;a:inherit;\"\n\t\t\t\t\t\t\t\tdata-dim=\"w:['38px','38px','38px','38px'];h:['27px','27px','27px','27px'];\"\n\t\t\t\t\t\t\t\tdata-actions='o:click;a:scrollbelow;sp:1500;e:power3.out;'\n\t\t\t\t\t\t\t\tdata-basealign=\"slide\"\n\t\t\t\t\t\t\t\tdata-rsp_o=\"off\"\n\t\t\t\t\t\t\t\tdata-rsp_bd=\"off\"\n\t\t\t\t\t\t\t\tdata-frame_0=\"y:-100%;o:1;\"\n\t\t\t\t\t\t\t\tdata-frame_0_mask=\"u:t;\"\n\t\t\t\t\t\t\t\tdata-frame_1=\"st:1200;sp:1000;sR:1200;\"\n\t\t\t\t\t\t\t\tdata-frame_1_mask=\"u:t;\"\n\t\t\t\t\t\t\t\tdata-frame_999=\"o:0;st:w;sR:6800;\"\n\t\t\t\t\t\t\t\tdata-loop_999=\"sX:1.1;sY:1.1;sp:4000;yym:t;yys:t;yyf:t;\"\n\t\t\t\t\t\t\t\tstyle=\"z-index:8;\"\n\t\t\t\t\t\t\t><img decoding=\"async\" src=\"\/\/pasjabaletu.pl\/wp-content\/plugins\/revslider\/public\/assets\/assets\/dummy.png\" class=\"tp-rs-img rs-lazyload\" data-lazyload=\"\/\/arabesque.mikado-themes.com\/wp-content\/uploads\/2019\/01\/h2-slider-img-3.png\" data-no-retina> \n\t\t\t\t\t\t\t<\/rs-layer><!--\n\n\t\t\t\t\t\t\t--><rs-layer\n\t\t\t\t\t\t\t\tid=\"slider-14-slide-25-layer-13\" \n\t\t\t\t\t\t\t\tdata-type=\"image\"\n\t\t\t\t\t\t\t\tdata-xy=\"x:c;xo:2px,2px,5px,5px;y:m;yo:-273px;\"\n\t\t\t\t\t\t\t\tdata-text=\"l:22;a:inherit;\"\n\t\t\t\t\t\t\t\tdata-dim=\"w:['2030px','2030px','2030px','2030px'];h:['1295px','1295px','1295px','1295px'];\"\n\t\t\t\t\t\t\t\tdata-basealign=\"slide\"\n\t\t\t\t\t\t\t\tdata-rsp_o=\"off\"\n\t\t\t\t\t\t\t\tdata-rsp_bd=\"off\"\n\t\t\t\t\t\t\t\tdata-frame_1=\"o:0.2;e:Quad.easeIn;st:300;sp:1000;sR:300;\"\n\t\t\t\t\t\t\t\tdata-frame_999=\"o:0;st:w;sR:7700;\"\n\t\t\t\t\t\t\t\tdata-loop_0=\"xR:15px;yR:15px;oX:50;oY:50;\"\n\t\t\t\t\t\t\t\tdata-loop_999=\"xR:15px;yR:15px;crd:t;sp:12000;yys:t;yyf:t;\"\n\t\t\t\t\t\t\t\tstyle=\"z-index:5;\"\n\t\t\t\t\t\t\t><img decoding=\"async\" src=\"\/\/pasjabaletu.pl\/wp-content\/plugins\/revslider\/public\/assets\/assets\/dummy.png\" class=\"tp-rs-img rs-lazyload\" data-lazyload=\"\/\/arabesque.mikado-themes.com\/wp-content\/uploads\/2019\/01\/h2-slider-img-4.png\" data-no-retina> \n\t\t\t\t\t\t\t<\/rs-layer><!--\n-->\t\t\t\t\t\t<\/rs-slide>\n\t\t\t\t\t<\/rs-slides>\n\t\t\t\t<\/rs-module>\n\t\t\t\t<script type=\"text\/javascript\">\n\t\t\t\t\tsetREVStartSize({c: 'rev_slider_14_1',rl:[1240,1024,778,480],el:[1100,830,800,500],gw:[1300,1100,600,300],gh:[1100,830,800,500],type:'hero',justify:'',layout:'fullscreen',offsetContainer:'',offset:'',mh:\"0\"});if (window.RS_MODULES!==undefined && window.RS_MODULES.modules!==undefined && window.RS_MODULES.modules[\"revslider141\"]!==undefined) {window.RS_MODULES.modules[\"revslider141\"].once = false;window.revapi14 = undefined;if (window.RS_MODULES.checkMinimal!==undefined) window.RS_MODULES.checkMinimal()}\n\t\t\t\t<\/script>\n\t\t\t<\/rs-module-wrap>\n\t\t\t<!-- END REVOLUTION SLIDER -->\n[\/vc_column][\/vc_row][vc_row][vc_column][vc_empty_space height=&#8221;50px&#8221;][\/vc_column][\/vc_row][vc_row][vc_column][vc_column_text el_class=&#8221;.mkdf-section-title-holder span.mkdf-st-text&#8221;]<\/p>\n<h4 style=\"color: white; text-align: center;\">Zapisy trwaj\u0105 do obu grup!<\/h4>\n<p>&nbsp;<\/p>\n<h4 style=\"color: white; text-align: center;\">Wtorek<\/h4>\n<p>&nbsp;<\/p>\n<h4 style=\"color: white; text-align: center;\">Balet dla doros\u0142ych grupa pocz\u0105tkuj\u0105ca -Body Ballet<\/h4>\n<h4 style=\"color: white; text-align: center;\">19:30 &#8211; 20:30<\/h4>\n<h4 style=\"color: white; text-align: center;\">Sala baletowa klubu SMECZ<\/h4>\n<h4 style=\"color: white; text-align: center;\">I pi\u0119tro<\/h4>\n<h4 style=\"color: white; text-align: center;\">ul.Mostowa 4, Siedliska<\/h4>\n<p>&nbsp;<\/p>\n<h4 style=\"color: white; text-align: center;\">Wtorek<\/h4>\n<h4 style=\"color: white; text-align: center;\">World School<\/h4>\n<p>&nbsp;<\/p>\n<h4 style=\"color: white; text-align: center;\">Grupa 4-5 lat 17:15-18:00<br \/>\nGrupa 6-13 lat 18:15-19:00<br \/>\nPiaseczno- Zalesinek:<br \/>\nul. Pod Bateriami 60<br \/>\nsala Prywatnej Szko\u0142y Podstawowej World School<\/h4>\n<p>[\/vc_column_text][\/vc_column][\/vc_row]<\/p>\n","protected":false},"excerpt":{"rendered":"<p>[vc_row][vc_column][\/vc_column][\/vc_row][vc_row][vc_column][vc_empty_space height=&#8221;50px&#8221;][\/vc_column][\/vc_row][vc_row][vc_column][vc_column_text el_class=&#8221;.mkdf-section-title-holder span.mkdf-st-text&#8221;] Zapisy trwaj\u0105 do obu grup! &nbsp; Wtorek &nbsp; Balet dla doros\u0142ych grupa pocz\u0105tkuj\u0105ca -Body Ballet 19:30 &#8211; 20:30 Sala baletowa klubu SMECZ I pi\u0119tro ul.Mostowa 4, Siedliska &nbsp; Wtorek World School &nbsp; Grupa 4-5 lat 17:15-18:00 [&hellip;]<\/p>\n","protected":false},"author":1,"featured_media":0,"parent":0,"menu_order":0,"comment_status":"closed","ping_status":"closed","template":"full-width.php","meta":{"footnotes":""},"class_list":["post-8528","page","type-page","status-publish","hentry"],"_links":{"self":[{"href":"https:\/\/pasjabaletu.pl\/index.php\/wp-json\/wp\/v2\/pages\/8528","targetHints":{"allow":["GET"]}}],"collection":[{"href":"https:\/\/pasjabaletu.pl\/index.php\/wp-json\/wp\/v2\/pages"}],"about":[{"href":"https:\/\/pasjabaletu.pl\/index.php\/wp-json\/wp\/v2\/types\/page"}],"author":[{"embeddable":true,"href":"https:\/\/pasjabaletu.pl\/index.php\/wp-json\/wp\/v2\/users\/1"}],"replies":[{"embeddable":true,"href":"https:\/\/pasjabaletu.pl\/index.php\/wp-json\/wp\/v2\/comments?post=8528"}],"version-history":[{"count":17,"href":"https:\/\/pasjabaletu.pl\/index.php\/wp-json\/wp\/v2\/pages\/8528\/revisions"}],"predecessor-version":[{"id":8711,"href":"https:\/\/pasjabaletu.pl\/index.php\/wp-json\/wp\/v2\/pages\/8528\/revisions\/8711"}],"wp:attachment":[{"href":"https:\/\/pasjabaletu.pl\/index.php\/wp-json\/wp\/v2\/media?parent=8528"}],"curies":[{"name":"wp","href":"https:\/\/api.w.org\/{rel}","templated":true}]}}