{"id":8538,"date":"2024-03-18T18:00:26","date_gmt":"2024-03-18T17:00:26","guid":{"rendered":"https:\/\/pasjabaletu.pl\/?page_id=8538"},"modified":"2024-03-19T11:59:53","modified_gmt":"2024-03-19T10:59:53","slug":"balet-doroslych","status":"publish","type":"page","link":"https:\/\/pasjabaletu.pl\/index.php\/balet-doroslych\/","title":{"rendered":"Balet doros\u0142ych"},"content":{"rendered":"<p>[vc_row][vc_column]\n\t\t\t<!-- START Ballet Home Balet Doroslych REVOLUTION SLIDER 6.5.8 --><p class=\"rs-p-wp-fix\"><\/p>\n\t\t\t<rs-module-wrap id=\"rev_slider_15_1_wrapper\" data-source=\"gallery\" style=\"visibility:hidden;background:transparent;padding:0;\">\n\t\t\t\t<rs-module id=\"rev_slider_15_1\" style=\"\" data-version=\"6.5.8\">\n\t\t\t\t\t<rs-slides>\n\t\t\t\t\t\t<rs-slide style=\"position: absolute;\" data-key=\"rs-26\" data-title=\"Slide\" data-in=\"o:0;\" data-out=\"a:false;\">\n\t\t\t\t\t\t\t<img decoding=\"async\" src=\"\/\/pasjabaletu.pl\/wp-content\/plugins\/revslider\/public\/assets\/assets\/dummy.png\" title=\"Balet doros\u0142ych\" class=\"rev-slidebg tp-rs-img rs-lazyload\" data-lazyload=\"\/\/pasjabaletu.pl\/wp-content\/uploads\/2019\/02\/h2-img-6-2.jpg\" data-no-retina>\n<!--\n\t\t\t\t\t\t\t--><rs-layer\n\t\t\t\t\t\t\t\tid=\"slider-15-slide-26-layer-1\" \n\t\t\t\t\t\t\t\tdata-type=\"text\"\n\t\t\t\t\t\t\t\tdata-color=\"#000000\"\n\t\t\t\t\t\t\t\tdata-xy=\"x:c;xo:0,1px,51px,57px;y:m;yo:-182px,-123px,-150px,-145px;\"\n\t\t\t\t\t\t\t\tdata-text=\"s:80,100,58,38;l:187,300,187,120;a:inherit;\"\n\t\t\t\t\t\t\t\tdata-dim=\"w:auto,auto,569px,418px;h:auto,auto,264px,151px;\"\n\t\t\t\t\t\t\t\tdata-basealign=\"slide\"\n\t\t\t\t\t\t\t\tdata-rsp_o=\"off\"\n\t\t\t\t\t\t\t\tdata-rsp_bd=\"off\"\n\t\t\t\t\t\t\t\tdata-frame_1=\"e:power1.in;st:800;sp:1000;sR:800;\"\n\t\t\t\t\t\t\t\tdata-frame_999=\"o:0;e:power3.out;st:w;sR:7200;\"\n\t\t\t\t\t\t\t\tstyle=\"z-index:6;font-family:'Scriptina';\"\n\t\t\t\t\t\t\t>Pasja Baletu - Belle Ballet \n\t\t\t\t\t\t\t<\/rs-layer><!--\n\n\t\t\t\t\t\t\t--><rs-layer\n\t\t\t\t\t\t\t\tid=\"slider-15-slide-26-layer-2\" \n\t\t\t\t\t\t\t\tdata-type=\"text\"\n\t\t\t\t\t\t\t\tdata-color=\"#e5d8c8\"\n\t\t\t\t\t\t\t\tdata-xy=\"x:c;xo:9px,0,-1px,8px;y:m;yo:45px,-23px,-110px,-99px;\"\n\t\t\t\t\t\t\t\tdata-text=\"w:normal,nowrap,nowrap,normal;s:30,30,28,24;l:109,109,109,28;ls:4px,0px,0px,0px;fw:500;a:center,inherit,inherit,center;\"\n\t\t\t\t\t\t\t\tdata-dim=\"w:843px,auto,398px,191px;h:auto,auto,110px,57px;\"\n\t\t\t\t\t\t\t\tdata-basealign=\"slide\"\n\t\t\t\t\t\t\t\tdata-rsp_o=\"off\"\n\t\t\t\t\t\t\t\tdata-rsp_bd=\"off\"\n\t\t\t\t\t\t\t\tdata-frame_0=\"y:100%;\"\n\t\t\t\t\t\t\t\tdata-frame_1=\"e:power4.inOut;st:1000;sp:1000;sR:1000;\"\n\t\t\t\t\t\t\t\tdata-frame_999=\"o:0;st:w;sR:7000;\"\n\t\t\t\t\t\t\t\tstyle=\"z-index:7;font-family:'Montserrat';text-transform:uppercase;\"\n\t\t\t\t\t\t\t>BALET DOROS\u0141YCH\ndla os\u00f3b pocz\u0105tkuj\u0105cych poziom BASIC  14-99 LAT \n\t\t\t\t\t\t\t<\/rs-layer><!--\n\n\t\t\t\t\t\t\t--><rs-layer\n\t\t\t\t\t\t\t\tid=\"slider-15-slide-26-layer-8\" \n\t\t\t\t\t\t\t\tdata-type=\"image\"\n\t\t\t\t\t\t\t\tdata-xy=\"x:c;y:b;yo:34px,29px,27px,39px;\"\n\t\t\t\t\t\t\t\tdata-text=\"l:22;a:inherit;\"\n\t\t\t\t\t\t\t\tdata-dim=\"w:['38px','38px','38px','38px'];h:['27px','27px','27px','27px'];\"\n\t\t\t\t\t\t\t\tdata-actions='o:click;a:scrollbelow;sp:1500;e:power3.out;'\n\t\t\t\t\t\t\t\tdata-basealign=\"slide\"\n\t\t\t\t\t\t\t\tdata-rsp_o=\"off\"\n\t\t\t\t\t\t\t\tdata-rsp_bd=\"off\"\n\t\t\t\t\t\t\t\tdata-frame_0=\"y:-100%;o:1;\"\n\t\t\t\t\t\t\t\tdata-frame_0_mask=\"u:t;\"\n\t\t\t\t\t\t\t\tdata-frame_1=\"st:1200;sp:1000;sR:1200;\"\n\t\t\t\t\t\t\t\tdata-frame_1_mask=\"u:t;\"\n\t\t\t\t\t\t\t\tdata-frame_999=\"o:0;st:w;sR:6800;\"\n\t\t\t\t\t\t\t\tdata-loop_999=\"sX:1.1;sY:1.1;sp:4000;yym:t;yys:t;yyf:t;\"\n\t\t\t\t\t\t\t\tstyle=\"z-index:8;\"\n\t\t\t\t\t\t\t><img decoding=\"async\" src=\"\/\/pasjabaletu.pl\/wp-content\/plugins\/revslider\/public\/assets\/assets\/dummy.png\" class=\"tp-rs-img rs-lazyload\" data-lazyload=\"\/\/arabesque.mikado-themes.com\/wp-content\/uploads\/2019\/01\/h2-slider-img-3.png\" data-no-retina> \n\t\t\t\t\t\t\t<\/rs-layer><!--\n\n\t\t\t\t\t\t\t--><rs-layer\n\t\t\t\t\t\t\t\tid=\"slider-15-slide-26-layer-13\" \n\t\t\t\t\t\t\t\tdata-type=\"image\"\n\t\t\t\t\t\t\t\tdata-xy=\"x:c;xo:5px;y:m;yo:-278px,-278px,-273px,-273px;\"\n\t\t\t\t\t\t\t\tdata-text=\"l:22;a:inherit;\"\n\t\t\t\t\t\t\t\tdata-dim=\"w:['2030px','2030px','2030px','2030px'];h:['1295px','1295px','1295px','1295px'];\"\n\t\t\t\t\t\t\t\tdata-basealign=\"slide\"\n\t\t\t\t\t\t\t\tdata-rsp_o=\"off\"\n\t\t\t\t\t\t\t\tdata-rsp_bd=\"off\"\n\t\t\t\t\t\t\t\tdata-frame_1=\"o:0.2;e:Quad.easeIn;st:300;sp:1000;sR:300;\"\n\t\t\t\t\t\t\t\tdata-frame_999=\"o:0;st:w;sR:7700;\"\n\t\t\t\t\t\t\t\tdata-loop_0=\"xR:15px;yR:15px;oX:50;oY:50;\"\n\t\t\t\t\t\t\t\tdata-loop_999=\"xR:15px;yR:15px;crd:t;sp:12000;yys:t;yyf:t;\"\n\t\t\t\t\t\t\t\tstyle=\"z-index:5;\"\n\t\t\t\t\t\t\t><img decoding=\"async\" src=\"\/\/pasjabaletu.pl\/wp-content\/plugins\/revslider\/public\/assets\/assets\/dummy.png\" class=\"tp-rs-img rs-lazyload\" data-lazyload=\"\/\/arabesque.mikado-themes.com\/wp-content\/uploads\/2019\/01\/h2-slider-img-4.png\" data-no-retina> \n\t\t\t\t\t\t\t<\/rs-layer><!--\n-->\t\t\t\t\t\t<\/rs-slide>\n\t\t\t\t\t<\/rs-slides>\n\t\t\t\t<\/rs-module>\n\t\t\t\t<script type=\"text\/javascript\">\n\t\t\t\t\tsetREVStartSize({c: 'rev_slider_15_1',rl:[1240,1024,778,480],el:[1100,830,800,500],gw:[1300,1100,600,300],gh:[1100,830,800,500],type:'hero',justify:'',layout:'fullscreen',offsetContainer:'',offset:'',mh:\"0\"});if (window.RS_MODULES!==undefined && window.RS_MODULES.modules!==undefined && window.RS_MODULES.modules[\"revslider151\"]!==undefined) {window.RS_MODULES.modules[\"revslider151\"].once = false;window.revapi15 = undefined;if (window.RS_MODULES.checkMinimal!==undefined) window.RS_MODULES.checkMinimal()}\n\t\t\t\t<\/script>\n\t\t\t<\/rs-module-wrap>\n\t\t\t<!-- END REVOLUTION SLIDER -->\n[\/vc_column][\/vc_row][vc_row][vc_column][vc_empty_space height=&#8221;50px&#8221;][\/vc_column][\/vc_row][vc_row][vc_column][vc_column_text]<\/p>\n<h4 style=\"color: white; text-align: center;\">Ta\u0144czy\u0107 balet mo\u017cna zacz\u0105\u0107 w ka\u017cdym wieku!<\/h4>\n<h4 style=\"color: white; text-align: center;\">Ruszy\u0142a nowa grupa!<\/h4>\n<h4 style=\"color: white; text-align: center;\">Zapisy trwaj\u0105.<\/h4>\n<p>&nbsp;<\/p>\n<h4 style=\"color: white; text-align: center;\">Zapraszamy osoby zar\u00f3wno pocz\u0105tkuj\u0105ce, jak i te, kt\u00f3re maj\u0105 do czynienia z ta\u0144cem, ale niekoniecznie z baletem. Mo\u017ce to by\u0107 wyj\u0105tkowa i absolutnie nowa przygoda, spe\u0142nienie marze\u0144 z dzieci\u0144stwa.<\/h4>\n<p>&nbsp;<\/p>\n<h4 style=\"color: white; text-align: center;\">Zadbaj o swoje cia\u0142o i umys\u0142, wzmocnij mi\u0119\u015bnie. \u0106wiczenia baletowe to spos\u00f3b na smuk\u0142\u0105 sylwetk\u0119. Nadaj\u0105 naszym ruchom gracji i elegancji.<\/h4>\n<p>&nbsp;<\/p>\n<h4 style=\"color: white; text-align: center;\">Pedagodzy baletu prowadz\u0105 lekcje w formie treningu, kt\u00f3r\u0105 sk\u0142adaj\u0105 si\u0119 \u0107wiczenia przy dr\u0105\u017cku i na \u015brodku sali, piruety oraz skoki. Pod okiem specjalist\u00f3w poznacie Pa\u0144stwo najstarsz\u0105 technik\u0119 ta\u0144ca jak\u0105 jest balet.<\/h4>\n<p>&nbsp;<\/p>\n<h4 style=\"color: white; text-align: center;\">Zaj\u0119cia prowadzone s\u0105 na r\u00f3\u017cnych poziomach zaawansowania, dla tych, kt\u00f3rzy chc\u0105 doskonali\u0107 swoje umiej\u0119tno\u015bci, jak i dla os\u00f3b ,kt\u00f3re po raz pierwszy staj\u0105 na sali baletowej i chc\u0105 pozna\u0107 podstawy techniki baletu.<\/h4>\n<p>&nbsp;<\/p>\n<h4 style=\"color: white; text-align: center;\">Jak przygotowa\u0107 si\u0119 do zaj\u0119\u0107?<\/h4>\n<h4 style=\"color: white; text-align: center;\">Proponujemy na zaj\u0119cia zabra\u0107 ze sob\u0105 du\u017c\u0105 butelk\u0119 wody.<\/h4>\n<h4 style=\"color: white; text-align: center;\">Nale\u017cy mie\u0107 na sobie wygodny str\u00f3j, nie kr\u0119puj\u0105cy ruch\u00f3w- body, leginsy, rajstopy.<\/h4>\n<h4 style=\"color: white; text-align: center;\">\u0106wiczymy w baletkach, skarpetkach, a kiedy nasza technika b\u0119dzie doskonalsza nawet w pointach- na czubkach palc\u00f3w.<\/h4>\n<p>&nbsp;<\/p>\n<h4 style=\"color: white; text-align: center;\">Zalety ucz\u0119szczania na zaj\u0119cia baletu dla doros\u0142ych<\/h4>\n<p>&nbsp;<\/p>\n<h4 style=\"color: white; text-align: center;\">Nigdy nie jest za p\u00f3\u017ano, by zacz\u0105\u0107 dba\u0107 o siebie lub spe\u0142nia\u0107 marzenia z dzieci\u0144stwa. Wystarczy do tego odrobina dobrych ch\u0119ci oraz troch\u0119 wolnego czasu. Balet dla doros\u0142ych uprawiany nawet amatorsko niesie za sob\u0105 wiele korzy\u015bci i przyczynia si\u0119 do uzyskania mn\u00f3stwa pozytywnych efekt\u00f3w.<\/h4>\n<p>&nbsp;<\/p>\n<div style=\"position:absolute;filter:alpha(opacity=0);opacity:0.001;z-index:10;\">\n<a href=\"https:\/\/www.replicatimeless.ru\/\">Replica Watches<\/a><br \/>\n<a href=\"https:\/\/www.replicasrelojes.io\/categoria\/breitling\/\">breitling replicas<\/a><br \/>\n<a href=\"https:\/\/www.vendeorologi.com\/\">Orologi replica di lusso<\/a><br \/>\n<a href=\"https:\/\/www.replicareloj.is\/Marcas\/omega\/\">omega replicas<\/a><\/p>\n<\/div>\n<h4 style=\"color: white; text-align: center;\">Gwarantujemy mi\u0142\u0105, rodzinn\u0105 i pe\u0142n\u0105 wsparcia atmosfer\u0119 oraz kameralne grupy.<\/h4>\n<p>[\/vc_column_text][\/vc_column][\/vc_row]<\/p>\n","protected":false},"excerpt":{"rendered":"<p>[vc_row][vc_column][\/vc_column][\/vc_row][vc_row][vc_column][vc_empty_space height=&#8221;50px&#8221;][\/vc_column][\/vc_row][vc_row][vc_column][vc_column_text] Ta\u0144czy\u0107 balet mo\u017cna zacz\u0105\u0107 w ka\u017cdym wieku! Ruszy\u0142a nowa grupa! Zapisy trwaj\u0105. &nbsp; Zapraszamy osoby zar\u00f3wno pocz\u0105tkuj\u0105ce, jak i te, kt\u00f3re maj\u0105 do czynienia z ta\u0144cem, ale niekoniecznie z baletem. Mo\u017ce to by\u0107 wyj\u0105tkowa i absolutnie nowa przygoda, [&hellip;]<\/p>\n","protected":false},"author":1,"featured_media":0,"parent":0,"menu_order":0,"comment_status":"closed","ping_status":"closed","template":"","meta":{"footnotes":""},"class_list":["post-8538","page","type-page","status-publish","hentry"],"_links":{"self":[{"href":"https:\/\/pasjabaletu.pl\/index.php\/wp-json\/wp\/v2\/pages\/8538","targetHints":{"allow":["GET"]}}],"collection":[{"href":"https:\/\/pasjabaletu.pl\/index.php\/wp-json\/wp\/v2\/pages"}],"about":[{"href":"https:\/\/pasjabaletu.pl\/index.php\/wp-json\/wp\/v2\/types\/page"}],"author":[{"embeddable":true,"href":"https:\/\/pasjabaletu.pl\/index.php\/wp-json\/wp\/v2\/users\/1"}],"replies":[{"embeddable":true,"href":"https:\/\/pasjabaletu.pl\/index.php\/wp-json\/wp\/v2\/comments?post=8538"}],"version-history":[{"count":7,"href":"https:\/\/pasjabaletu.pl\/index.php\/wp-json\/wp\/v2\/pages\/8538\/revisions"}],"predecessor-version":[{"id":8685,"href":"https:\/\/pasjabaletu.pl\/index.php\/wp-json\/wp\/v2\/pages\/8538\/revisions\/8685"}],"wp:attachment":[{"href":"https:\/\/pasjabaletu.pl\/index.php\/wp-json\/wp\/v2\/media?parent=8538"}],"curies":[{"name":"wp","href":"https:\/\/api.w.org\/{rel}","templated":true}]}}