{"id":8552,"date":"2024-03-18T18:21:20","date_gmt":"2024-03-18T17:21:20","guid":{"rendered":"https:\/\/pasjabaletu.pl\/?page_id=8552"},"modified":"2024-03-19T12:01:37","modified_gmt":"2024-03-19T11:01:37","slug":"balet-grupa-mlodsza-dzieci","status":"publish","type":"page","link":"https:\/\/pasjabaletu.pl\/index.php\/balet-grupa-mlodsza-dzieci\/","title":{"rendered":"Grupa m\u0142odsza dzieci"},"content":{"rendered":"<p>[vc_row][vc_column]\n\t\t\t<!-- START Ballet Home Balet Grupa Mlodsza Dzieci REVOLUTION SLIDER 6.5.8 --><p class=\"rs-p-wp-fix\"><\/p>\n\t\t\t<rs-module-wrap id=\"rev_slider_18_1_wrapper\" data-source=\"gallery\" style=\"visibility:hidden;background:transparent;padding:0;\">\n\t\t\t\t<rs-module id=\"rev_slider_18_1\" style=\"\" data-version=\"6.5.8\">\n\t\t\t\t\t<rs-slides>\n\t\t\t\t\t\t<rs-slide style=\"position: absolute;\" data-key=\"rs-29\" data-title=\"Slide\" data-in=\"o:0;\" data-out=\"a:false;\">\n\t\t\t\t\t\t\t<img decoding=\"async\" src=\"\/\/pasjabaletu.pl\/wp-content\/plugins\/revslider\/public\/assets\/assets\/dummy.png\" title=\"Grupa m\u0142odsza dzieci\" class=\"rev-slidebg tp-rs-img rs-lazyload\" data-lazyload=\"\/\/pasjabaletu.pl\/wp-content\/uploads\/2019\/02\/h2-img-6-2.jpg\" data-no-retina>\n<!--\n\t\t\t\t\t\t\t--><rs-layer\n\t\t\t\t\t\t\t\tid=\"slider-18-slide-29-layer-1\" \n\t\t\t\t\t\t\t\tdata-type=\"text\"\n\t\t\t\t\t\t\t\tdata-color=\"#000000\"\n\t\t\t\t\t\t\t\tdata-xy=\"x:c;xo:0,1px,51px,57px;y:m;yo:-182px,-123px,-150px,-145px;\"\n\t\t\t\t\t\t\t\tdata-text=\"s:80,100,58,38;l:187,300,187,120;a:inherit;\"\n\t\t\t\t\t\t\t\tdata-dim=\"w:auto,auto,569px,418px;h:auto,auto,264px,151px;\"\n\t\t\t\t\t\t\t\tdata-basealign=\"slide\"\n\t\t\t\t\t\t\t\tdata-rsp_o=\"off\"\n\t\t\t\t\t\t\t\tdata-rsp_bd=\"off\"\n\t\t\t\t\t\t\t\tdata-frame_1=\"e:power1.in;st:800;sp:1000;sR:800;\"\n\t\t\t\t\t\t\t\tdata-frame_999=\"o:0;e:power3.out;st:w;sR:7200;\"\n\t\t\t\t\t\t\t\tstyle=\"z-index:6;font-family:'Scriptina';\"\n\t\t\t\t\t\t\t>Pasja Baletu - Belle Ballet \n\t\t\t\t\t\t\t<\/rs-layer><!--\n\n\t\t\t\t\t\t\t--><rs-layer\n\t\t\t\t\t\t\t\tid=\"slider-18-slide-29-layer-2\" \n\t\t\t\t\t\t\t\tdata-type=\"text\"\n\t\t\t\t\t\t\t\tdata-color=\"#e5d8c8\"\n\t\t\t\t\t\t\t\tdata-xy=\"x:c;xo:9px,0,-1px,8px;y:m;yo:47px,-23px,-110px,-99px;\"\n\t\t\t\t\t\t\t\tdata-text=\"w:normal,nowrap,nowrap,normal;s:30,30,28,24;l:109,109,109,28;ls:4px,0px,0px,0px;fw:500;a:center,inherit,inherit,center;\"\n\t\t\t\t\t\t\t\tdata-dim=\"w:630px,auto,398px,191px;h:auto,auto,110px,57px;\"\n\t\t\t\t\t\t\t\tdata-basealign=\"slide\"\n\t\t\t\t\t\t\t\tdata-rsp_o=\"off\"\n\t\t\t\t\t\t\t\tdata-rsp_bd=\"off\"\n\t\t\t\t\t\t\t\tdata-frame_0=\"y:100%;\"\n\t\t\t\t\t\t\t\tdata-frame_1=\"e:power4.inOut;st:1000;sp:1000;sR:1000;\"\n\t\t\t\t\t\t\t\tdata-frame_999=\"o:0;st:w;sR:7000;\"\n\t\t\t\t\t\t\t\tstyle=\"z-index:7;font-family:'Montserrat';text-transform:uppercase;\"\n\t\t\t\t\t\t\t>BALET GRUPA M\u0141ODSZA DZIECI \n\t\t\t\t\t\t\t<\/rs-layer><!--\n\n\t\t\t\t\t\t\t--><rs-layer\n\t\t\t\t\t\t\t\tid=\"slider-18-slide-29-layer-8\" \n\t\t\t\t\t\t\t\tdata-type=\"image\"\n\t\t\t\t\t\t\t\tdata-xy=\"x:c;y:b;yo:34px,29px,27px,39px;\"\n\t\t\t\t\t\t\t\tdata-text=\"l:22;a:inherit;\"\n\t\t\t\t\t\t\t\tdata-dim=\"w:['38px','38px','38px','38px'];h:['27px','27px','27px','27px'];\"\n\t\t\t\t\t\t\t\tdata-actions='o:click;a:scrollbelow;sp:1500;e:power3.out;'\n\t\t\t\t\t\t\t\tdata-basealign=\"slide\"\n\t\t\t\t\t\t\t\tdata-rsp_o=\"off\"\n\t\t\t\t\t\t\t\tdata-rsp_bd=\"off\"\n\t\t\t\t\t\t\t\tdata-frame_0=\"y:-100%;o:1;\"\n\t\t\t\t\t\t\t\tdata-frame_0_mask=\"u:t;\"\n\t\t\t\t\t\t\t\tdata-frame_1=\"st:1200;sp:1000;sR:1200;\"\n\t\t\t\t\t\t\t\tdata-frame_1_mask=\"u:t;\"\n\t\t\t\t\t\t\t\tdata-frame_999=\"o:0;st:w;sR:6800;\"\n\t\t\t\t\t\t\t\tdata-loop_999=\"sX:1.1;sY:1.1;sp:4000;yym:t;yys:t;yyf:t;\"\n\t\t\t\t\t\t\t\tstyle=\"z-index:8;\"\n\t\t\t\t\t\t\t><img decoding=\"async\" src=\"\/\/pasjabaletu.pl\/wp-content\/plugins\/revslider\/public\/assets\/assets\/dummy.png\" class=\"tp-rs-img rs-lazyload\" data-lazyload=\"\/\/arabesque.mikado-themes.com\/wp-content\/uploads\/2019\/01\/h2-slider-img-3.png\" data-no-retina> \n\t\t\t\t\t\t\t<\/rs-layer><!--\n\n\t\t\t\t\t\t\t--><rs-layer\n\t\t\t\t\t\t\t\tid=\"slider-18-slide-29-layer-13\" \n\t\t\t\t\t\t\t\tdata-type=\"image\"\n\t\t\t\t\t\t\t\tdata-xy=\"x:c;xo:2px,2px,5px,5px;y:m;yo:-273px;\"\n\t\t\t\t\t\t\t\tdata-text=\"l:22;a:inherit;\"\n\t\t\t\t\t\t\t\tdata-dim=\"w:['2030px','2030px','2030px','2030px'];h:['1295px','1295px','1295px','1295px'];\"\n\t\t\t\t\t\t\t\tdata-basealign=\"slide\"\n\t\t\t\t\t\t\t\tdata-rsp_o=\"off\"\n\t\t\t\t\t\t\t\tdata-rsp_bd=\"off\"\n\t\t\t\t\t\t\t\tdata-frame_1=\"o:0.2;e:Quad.easeIn;st:300;sp:1000;sR:300;\"\n\t\t\t\t\t\t\t\tdata-frame_999=\"o:0;st:w;sR:7700;\"\n\t\t\t\t\t\t\t\tdata-loop_0=\"xR:15px;yR:15px;oX:50;oY:50;\"\n\t\t\t\t\t\t\t\tdata-loop_999=\"xR:15px;yR:15px;crd:t;sp:12000;yys:t;yyf:t;\"\n\t\t\t\t\t\t\t\tstyle=\"z-index:5;\"\n\t\t\t\t\t\t\t><img decoding=\"async\" src=\"\/\/pasjabaletu.pl\/wp-content\/plugins\/revslider\/public\/assets\/assets\/dummy.png\" class=\"tp-rs-img rs-lazyload\" data-lazyload=\"\/\/arabesque.mikado-themes.com\/wp-content\/uploads\/2019\/01\/h2-slider-img-4.png\" data-no-retina> \n\t\t\t\t\t\t\t<\/rs-layer><!--\n-->\t\t\t\t\t\t<\/rs-slide>\n\t\t\t\t\t<\/rs-slides>\n\t\t\t\t<\/rs-module>\n\t\t\t\t<script type=\"text\/javascript\">\n\t\t\t\t\tsetREVStartSize({c: 'rev_slider_18_1',rl:[1240,1024,778,480],el:[1100,830,800,500],gw:[1300,1100,600,300],gh:[1100,830,800,500],type:'hero',justify:'',layout:'fullscreen',offsetContainer:'',offset:'',mh:\"0\"});if (window.RS_MODULES!==undefined && window.RS_MODULES.modules!==undefined && window.RS_MODULES.modules[\"revslider181\"]!==undefined) {window.RS_MODULES.modules[\"revslider181\"].once = false;window.revapi18 = undefined;if (window.RS_MODULES.checkMinimal!==undefined) window.RS_MODULES.checkMinimal()}\n\t\t\t\t<\/script>\n\t\t\t<\/rs-module-wrap>\n\t\t\t<!-- END REVOLUTION SLIDER -->\n[\/vc_column][\/vc_row][vc_row][vc_column][vc_empty_space height=&#8221;50px&#8221;][\/vc_column][\/vc_row][vc_row][vc_column][vc_column_text]<\/p>\n<h4 style=\"color: white; text-align: center;\">Zapraszamy dzieci w wieku 4-5 lat na zaj\u0119cia z baletu.<\/h4>\n<p>&nbsp;<\/p>\n<h4 style=\"color: white; text-align: center;\">Balet pomaga dzieciom zwi\u0119kszy\u0107 sprawno\u015b\u0107 ruchow\u0105, poprawi\u0107 zwinno\u015b\u0107, rozwin\u0105\u0107 \u015bwiadomo\u015b\u0107 ruch\u00f3w, wzmocni\u0107 mi\u0119\u015bnie, uelastyczni\u0107 \u015bci\u0119gna oraz nadaje ruchowi p\u0142ynno\u015bci i lekko\u015bci.<\/h4>\n<p>&nbsp;<\/p>\n<h4 style=\"color: white; text-align: center;\">Wszystko to, wp\u0142ywa pozytywnie nie tylko na cia\u0142o, ale tak\u017ce i umys\u0142.<\/h4>\n<p>&nbsp;<\/p>\n<h4 style=\"color: white; text-align: center;\">\u0106wiczenia zawsze dostosowane s\u0105 do grupy wiekowej i indywidualnego rozwoju , dzi\u0119ki temu dzieci odkrywaj\u0105 mo\u017cliwo\u015bci swojego cia\u0142a.<\/h4>\n<p>&nbsp;<\/p>\n<h4 style=\"color: white; text-align: center;\">Na zaj\u0119ciach dzieci naucz\u0105 si\u0119 profesjonalnej terminologii ta\u0144ca klasycznego- \u201e Co to jest sot\u00e9 i arabesque?\u2019, poznaj\u0105 tajemnice stretchingu, odpowiemy na wiele \u201etrudnych\u201d pyta\u0144 np. \u201eDlaczego baletnicy, kt\u00f3ra robi piruety nie kr\u0119ci si\u0119 w g\u0142owie?\u201d i cho\u0107 brzmi to powa\u017cnie moim celem jest nauka poprzez zabaw\u0119.<\/h4>\n<p>&nbsp;<\/p>\n<h4 style=\"color: white; text-align: center;\">Moje zaj\u0119cia rozwijaj\u0105 potencja\u0142 dzieci, poszukujemy na nich pozytyw\u00f3w, nie brak\u00f3w.<\/h4>\n<p>[\/vc_column_text][\/vc_column][\/vc_row]<\/p>\n","protected":false},"excerpt":{"rendered":"<p>[vc_row][vc_column][\/vc_column][\/vc_row][vc_row][vc_column][vc_empty_space height=&#8221;50px&#8221;][\/vc_column][\/vc_row][vc_row][vc_column][vc_column_text] Zapraszamy dzieci w wieku 4-5 lat na zaj\u0119cia z baletu. &nbsp; Balet pomaga dzieciom zwi\u0119kszy\u0107 sprawno\u015b\u0107 ruchow\u0105, poprawi\u0107 zwinno\u015b\u0107, rozwin\u0105\u0107 \u015bwiadomo\u015b\u0107 ruch\u00f3w, wzmocni\u0107 mi\u0119\u015bnie, uelastyczni\u0107 \u015bci\u0119gna oraz nadaje ruchowi p\u0142ynno\u015bci i lekko\u015bci. &nbsp; Wszystko to, wp\u0142ywa pozytywnie nie [&hellip;]<\/p>\n","protected":false},"author":1,"featured_media":0,"parent":0,"menu_order":0,"comment_status":"closed","ping_status":"closed","template":"","meta":{"footnotes":""},"class_list":["post-8552","page","type-page","status-publish","hentry"],"_links":{"self":[{"href":"https:\/\/pasjabaletu.pl\/index.php\/wp-json\/wp\/v2\/pages\/8552","targetHints":{"allow":["GET"]}}],"collection":[{"href":"https:\/\/pasjabaletu.pl\/index.php\/wp-json\/wp\/v2\/pages"}],"about":[{"href":"https:\/\/pasjabaletu.pl\/index.php\/wp-json\/wp\/v2\/types\/page"}],"author":[{"embeddable":true,"href":"https:\/\/pasjabaletu.pl\/index.php\/wp-json\/wp\/v2\/users\/1"}],"replies":[{"embeddable":true,"href":"https:\/\/pasjabaletu.pl\/index.php\/wp-json\/wp\/v2\/comments?post=8552"}],"version-history":[{"count":7,"href":"https:\/\/pasjabaletu.pl\/index.php\/wp-json\/wp\/v2\/pages\/8552\/revisions"}],"predecessor-version":[{"id":8687,"href":"https:\/\/pasjabaletu.pl\/index.php\/wp-json\/wp\/v2\/pages\/8552\/revisions\/8687"}],"wp:attachment":[{"href":"https:\/\/pasjabaletu.pl\/index.php\/wp-json\/wp\/v2\/media?parent=8552"}],"curies":[{"name":"wp","href":"https:\/\/api.w.org\/{rel}","templated":true}]}}